{"id":25,"date":"2025-05-08T14:48:55","date_gmt":"2025-05-08T14:48:55","guid":{"rendered":"https:\/\/www.freshfoodcaffe.rs\/?page_id=25"},"modified":"2025-05-08T14:49:22","modified_gmt":"2025-05-08T14:49:22","slug":"dostava","status":"publish","type":"page","link":"https:\/\/www.freshfoodcaffe.rs\/?page_id=25","title":{"rendered":"Dostava"},"content":{"rendered":"\n\n\n\n\n<h2>Dostava<\/h2>\n\n\n\n\n\n\n\n\n\n<h2>NOVO! Online Porud\u017ebine<\/h2>\n\n\n\n\n\n<p [object NamedNodeMap]>Sada je mogu\u0107e naru\u010diti hranu online, za dostavu ili preuzimanje. Jednostavno pokrenite jelovnik i birajte va\u0161a omiljena jela. Unesite podatke i kliknite na slanje porud\u017ebine. Sve online porud\u017ebine se primaju direktno u na\u0161em lokalu, od strane na\u0161eg osoblja i u stvarnom vremenu. Uz potvrdu o uspe\u0161nom prijemu porud\u017ebine, vide\u0107ete i potrebno vreme za realizaciju dostave ili preuzimanja.<br><\/p>\n\n\n\n\n\n<!-- If you would like to customize the button, remove or change the \"class\" attribute inside the <span> tag -->\n<span class=\"glf-button\" data-glf-cuid=\"24f56798-6b1c-42d0-84fd-00306536e641\" data-glf-ruid=\"8d0fb7b0-2e7e-430e-ba7f-0768620dd90d\">Poru\u010di Stra\u017eilovska<\/span>\n<script src=\"https:\/\/www.fbgcdn.com\/embedder\/js\/ewm2.js\" defer=\"\" async=\"\"><\/script>\n\n\n\n\n\n\n\n\n\n<h4>ZA LAK\u0160E PORU\u010cIVANJE PREUZMI FOODBOOKING APLIKACIJU<\/h4>\n\n\n\n<p>aplikacija ti omogu\u0107ava da poru\u010duje\u0161 br\u017ee, lak\u0161e i bolje iz restorana koje voli\u0161. izaberi restoran, poru\u010di \u017eeljeno jelo u nekoliko klikova i dostava uskoro kre\u0107e ka tebi..<\/p>\n\n\n\n\n\n<p>Lorem Ipsum has been the industry&#8217;s standard dummy text ever since the 1500s.<\/p>\n\n\n","protected":false},"excerpt":{"rendered":"","protected":false},"author":1,"featured_media":0,"parent":0,"menu_order":0,"comment_status":"closed","ping_status":"closed","template":"","meta":{"pagelayer_contact_templates":[],"_pagelayer_content":"","footnotes":""},"class_list":["post-25","page","type-page","status-publish","hentry"],"aioseo_notices":[],"_links":{"self":[{"href":"https:\/\/www.freshfoodcaffe.rs\/index.php?rest_route=\/wp\/v2\/pages\/25","targetHints":{"allow":["GET"]}}],"collection":[{"href":"https:\/\/www.freshfoodcaffe.rs\/index.php?rest_route=\/wp\/v2\/pages"}],"about":[{"href":"https:\/\/www.freshfoodcaffe.rs\/index.php?rest_route=\/wp\/v2\/types\/page"}],"author":[{"embeddable":true,"href":"https:\/\/www.freshfoodcaffe.rs\/index.php?rest_route=\/wp\/v2\/users\/1"}],"replies":[{"embeddable":true,"href":"https:\/\/www.freshfoodcaffe.rs\/index.php?rest_route=%2Fwp%2Fv2%2Fcomments&post=25"}],"version-history":[{"count":11,"href":"https:\/\/www.freshfoodcaffe.rs\/index.php?rest_route=\/wp\/v2\/pages\/25\/revisions"}],"predecessor-version":[{"id":153,"href":"https:\/\/www.freshfoodcaffe.rs\/index.php?rest_route=\/wp\/v2\/pages\/25\/revisions\/153"}],"wp:attachment":[{"href":"https:\/\/www.freshfoodcaffe.rs\/index.php?rest_route=%2Fwp%2Fv2%2Fmedia&parent=25"}],"curies":[{"name":"wp","href":"https:\/\/api.w.org\/{rel}","templated":true}]}}