{"id":27,"date":"2024-04-26T17:12:17","date_gmt":"2024-04-26T17:12:17","guid":{"rendered":"https:\/\/www.freshfoodcaffe.rs\/?page_id=27"},"modified":"2025-05-08T14:51:26","modified_gmt":"2025-05-08T14:51:26","slug":"home","status":"publish","type":"page","link":"https:\/\/www.freshfoodcaffe.rs\/","title":{"rendered":"Home"},"content":{"rendered":"\n\n\n<h3>\u201cZDRAVLJE ZA PONETI.\u201d\n<\/h3>\n\n<p>Temelj na\u0161e poslovne filozofije je promocija zdravog na\u010dina \u017eivota, koja se odra\u017eava kroz pa\u017eljivo odabrane sastojke i pripremu obroka, kao i kroz prijatnu atmosferu i izuzetnu uslugu u svim na\u0161im objektima.<\/p>\n\n\nNa\u0161e salate su uvek sve\u017ee, pripremljene od pa\u017eljivo probranih sastojaka. Svaka salata se za\u010dinjava na licu mesta, a vi je mo\u017eete prilagoditi svom ukusu.\n\n\nNa\u0161i hrskavi sendvi\u010di i tortilje su dostupni u razli\u010ditim varijantama, idealni su za brzi obrok ili lagani ru\u010dak. Prave se na licu mesta, omogu\u0107avaju\u0107i vam da ih uvek prilagodite svom ukusu.\n\n\nNa\u0161e ovsene ka\u0161e se pripremaju sa raznovrsnim sastojcima, koriste\u0107i biljno mleko i bez dodatka ve\u0161ta\u010dkih zasla\u0111iva\u010da. Dostupne su u dve ukusne varijante: crna \u010dokolada sa \u0161umskim vo\u0107em i kikiriki puter sa bananom. U\u017eivajte u ukusnom i hranljivom obroku koji \u0107e vas osve\u017eiti i napuniti energijom.\n\n\n\n\n\n\n<p>Posve\u0107eni smo pru\u017eanju izvanrednog iskustva svakom gostu, nastoje\u0107i da Fresh Food\nCaffe bude va\u0161 izbor za uravnote\u017eenu ishranu i trenutke u\u017eivanja. Zahvalni smo na va\u0161em\npoverenju i radujemo se \u0161to \u0107emo nastaviti da budemo va\u0161a destinacija za kvalitetan\nobrok..<\/p>\n\n\n\n\n\n\n\n\n<h4>FRESH FOOD CAFFE<\/h4>\n<p>Prvi Fresh Food Caffe osnovan je u septembru 2014. godine, sme\u0161ten na adresi\nNovosadskog sajma. Od svojih po\u010detaka kao mala porodi\u010dna preduzetni\u010dka inicijativa,\nFresh Food Caffe je bio vo\u0111en misijom da ponudi visokokvalitetne obroke kao zdravu\nalternativu uobi\u010dajenoj brzoj hrani. Na\u0161a posve\u0107enost kvalitetu brzo je pridobila lojalnost\nna\u0161ih kupaca, \u010dime smo stekli va\u0161e poverenje i uspe\u0161no pro\u0161irili na\u0161e poslovanje\notvaranjem jo\u0161 jednog lokala, sada lociranog na Stra\u017eilovskoj 8.<\/p>\n<p>Temelj na\u0161e poslovne filozofije je promocija zdravog na\u010dina \u017eivota, koja se odra\u017eava kroz\npa\u017eljivo odabrane sastojke i pripremu obroka, kao i kroz prijatnu atmosferu i izuzetnu\nuslugu u svim na\u0161im objektima. Svestrano razmi\u0161ljaju\u0107i o potrebama na\u0161e zajednice,\nposebno smo pozicionirali na\u0161e lokale u blizini obrazovnih institucija, omogu\u0107avaju\u0107i\nu\u010denicima pristup nutritivno bogatim u\u017einama i sve\u017ee ce\u0111enim vo\u0107nim sokovima..<\/p>\n<h5>Dobro nam do\u0161li<\/h5>\n\n\n\n\n\n\n<h3>Online Poru\u010divanje:<\/h3>\n\n\n\n<p style=\"text-align: center;\"><span style=\"color:#ffffff;\">Sada je mogu\u0107e naru\u010diti hranu online, za dostavu ili preuzimanje. Jednostavno izaberite objekat iz kog \u017eelite da poru\u010dite  i birajte va\u0161a omiljena jela. Unesite podatke i kliknite na slanje porud\u017ebine. Sve online porud\u017ebine se primaju direktno u restoranu, od strane na\u0161eg osoblja i u stvarnom vremenu. Uz potvrdu o uspe\u0161nom prijemu porud\u017ebine, vide\u0107ete i potrebno vreme za realizaciju dostave ili preuzimanja..<\/span><br><\/p>\n\n\n\n\n<!-- If you would like to customize the button, remove or change the \"class\" attribute inside the <span> tag -->\n<span class=\"glf-button\" data-glf-cuid=\"24f56798-6b1c-42d0-84fd-00306536e641\" data-glf-ruid=\"8d0fb7b0-2e7e-430e-ba7f-0768620dd90d\" >Poru\u010di Stra\u017eilovska<\/span>\n<script src=\"https:\/\/www.fbgcdn.com\/embedder\/js\/ewm2.js\" defer async ><\/script>\n\n\n\n\n\n\n<h3> Preporuka ku\u0107e<\/h3>\n\n<p>There are many variations of passages of Lorem Ipsum available, but the majority have suffered alteration in some form, by injected humour, or randomised words which don\\&#8217;t look even slightly believable. If you are going to use a passage of Lorem Ipsum, you need to be sure there isn\\&#8217;t anything embarrassing hidden in the middle of text.<\/p>\n\n\n<p>Na\u0161 pesto sendvi\u010d predstavlja savr\u0161enu harmoniju ukusa i kvaliteta koju \u0107ete te\u0161ko na\u0107i drugde.\nKombinacija integralne kifle, na\u0161eg doma\u0107eg pesta, jajeta, mladog sira i sve\u017eih salata \u010dini ga neodoljivim izborom za ljubitelje ukusnih obroka.\n<\/p>\n\n\n<p>Bez dodatog \u0161e\u0107era, a sa bogatstvom roga\u010da, badema i stevije, ovi mafini su pravi izbor za one koji \u017eele zadovoljiti \u017eudnju za slatkim bez gri\u017ee savesti. Nutritivno bogati i neodoljivo ukusni, ovi slatki\u0161i \u0107e vas osvojiti svojim ukusom!<\/p>\n\n\n\n\n<p>Savr\u0161en spoj ukusa i hranljivosti. Sa piletinom i kremastim humusom izuzetno je bogata proteinima, i idealan izbor za one koji tra\u017ee obrok koji \u0107e ih dugo zasititi. \nNa\u0161e mu\u0161terije biraju  salate ba\u0161 iz razloga \u0161to mogu birati za\u010dine \u0161to im omogu\u0107ava da kreiraju obrok po svojoj meri.\n<\/p>\n\n\n<p>Na\u0161a Poke salata je osve\u017eavaju\u0107i novitet u na\u0161oj ponudi. Sa ukusnom kombinacijom piletine, pirin\u010da i dresinga po va\u0161em izboru, ova salata nije samo nutritivno bogata, ve\u0107 je i idealan izbor za ukusan i zdrav ru\u010dak. <\/p>\n\n\n\n\n\n\n\n\n\n\n\n\n\n\n\n\n\n\n\n\n\n\n\n\n<h3>Vi o nama &#x2764;&#xfe0f;<\/h3>\n\n<p style=\"text-align: center;\">beskrajno smo zahvalni na poverenju koje nam godinama ukazujete\nIspod su samo neke od pohvala koje ste uputili na na\u0161 ra\u010dun a mi vas ohrabrujemo\n\nda klikom na sliku ispod ostavite svoj utisak i pomognete nam da budemo jo\u0161 bolji<br><\/p>\n\n<p>\n\u041d\u0430\u0458\u0437\u0434\u0440\u0430\u0432\u0438\u0458\u0430 \u0445\u0440\u0430\u043d\u0430 \u0443 \u041d\u043e\u0432\u043e\u043c \u0421\u0430\u0434\u0443.<\/p>\n<p>Ovde Vam je sve preukusno pritom zdravo, ne\u0107ete se prevariti \u0161ta god probali..\nPrijatno!<\/p>\n<p>Mnogo ukusna hrana! Sve je ukusno i zdravo!\nPosebna preporuka za proteinsku salatu i za hrono mafin! &#x2764;&#xfe0f;&#x2764;&#xfe0f;&#x2764;&#xfe0f;<\/p>\n\u0425\u0440\u0430\u043d\u0430: 5\n\u0423\u0441\u043b\u0443\u0433\u0430: 5\n\u0410\u0442\u043c\u043e\u0441\u0444\u0435\u0440\u0430: 5<\/p>\n\n\n\n\n","protected":false},"excerpt":{"rendered":"","protected":false},"author":0,"featured_media":0,"parent":0,"menu_order":0,"comment_status":"closed","ping_status":"closed","template":"","meta":{"pagelayer_contact_templates":[],"_pagelayer_content":"","footnotes":""},"class_list":["post-27","page","type-page","status-publish","hentry"],"aioseo_notices":[],"_links":{"self":[{"href":"https:\/\/www.freshfoodcaffe.rs\/index.php?rest_route=\/wp\/v2\/pages\/27","targetHints":{"allow":["GET"]}}],"collection":[{"href":"https:\/\/www.freshfoodcaffe.rs\/index.php?rest_route=\/wp\/v2\/pages"}],"about":[{"href":"https:\/\/www.freshfoodcaffe.rs\/index.php?rest_route=\/wp\/v2\/types\/page"}],"replies":[{"embeddable":true,"href":"https:\/\/www.freshfoodcaffe.rs\/index.php?rest_route=%2Fwp%2Fv2%2Fcomments&post=27"}],"version-history":[{"count":24,"href":"https:\/\/www.freshfoodcaffe.rs\/index.php?rest_route=\/wp\/v2\/pages\/27\/revisions"}],"predecessor-version":[{"id":154,"href":"https:\/\/www.freshfoodcaffe.rs\/index.php?rest_route=\/wp\/v2\/pages\/27\/revisions\/154"}],"wp:attachment":[{"href":"https:\/\/www.freshfoodcaffe.rs\/index.php?rest_route=%2Fwp%2Fv2%2Fmedia&parent=27"}],"curies":[{"name":"wp","href":"https:\/\/api.w.org\/{rel}","templated":true}]}}